{"id":8,"date":"2025-12-09T23:57:03","date_gmt":"2025-12-09T23:57:03","guid":{"rendered":"https:\/\/desku.listingprofis.site\/?page_id=8"},"modified":"2025-12-14T12:35:45","modified_gmt":"2025-12-14T12:35:45","slug":"fillimi","status":"publish","type":"page","link":"https:\/\/desku.listingprofis.site\/de\/","title":{"rendered":"Startseite"},"content":{"rendered":"<div data-elementor-type=\"wp-page\" data-elementor-id=\"8\" class=\"elementor elementor-8\" data-elementor-post-type=\"page\">\n\t\t\t\t<div class=\"elementor-element elementor-element-4dd3cbb e-flex e-con-boxed e-con e-parent\" data-id=\"4dd3cbb\" data-element_type=\"container\" data-settings=\"{&quot;background_background&quot;:&quot;classic&quot;}\">\n\t\t\t\t\t<div class=\"e-con-inner\">\n\t\t<div class=\"elementor-element elementor-element-936e4ef e-con-full e-flex elementor-invisible e-con e-child\" data-id=\"936e4ef\" data-element_type=\"container\" data-settings=\"{&quot;animation&quot;:&quot;fadeInUp&quot;}\">\n\t\t\t\t<div class=\"elementor-element elementor-element-df369af elementor-widget elementor-widget-heading\" data-id=\"df369af\" data-element_type=\"widget\" data-widget_type=\"heading.default\">\n\t\t\t\t\t<h4 class=\"elementor-heading-title elementor-size-default\">Willkommen bei Desku \u00dcbersetzungen<\/h4>\t\t\t\t<\/div>\n\t\t\t\t<div class=\"elementor-element elementor-element-7344bd7 elementor-widget elementor-widget-heading\" data-id=\"7344bd7\" data-element_type=\"widget\" data-widget_type=\"heading.default\">\n\t\t\t\t\t<h1 class=\"elementor-heading-title elementor-size-default\">Offizieller \u00dcbersetzer und Dolmetscher Deutsch \u21d4 Albanisch<\/h1>\t\t\t\t<\/div>\n\t\t\t\t<div class=\"elementor-element elementor-element-5a5540b elementor-widget elementor-widget-text-editor\" data-id=\"5a5540b\" data-element_type=\"widget\" data-widget_type=\"text-editor.default\">\n\t\t\t\t\t\t\t\t\t<p>Willkommen bei <em data-start=\"443\" data-end=\"460\">Desku \u00dcbersetzungen<\/em> \u2013 Ihr zuverl\u00e4ssiger Partner f\u00fcr pr\u00e4zise, \u200b\u200bbeglaubigte \u00dcbersetzungen und professionelles Dolmetschen in Sprachen <strong data-start=\"567\" data-end=\"592\">Deutsch und Albanisch<\/strong>.<br data-start=\"593\" data-end=\"596\" \/>Wir bieten Privatpersonen, Unternehmen und staatlichen Institutionen erstklassige Dienstleistungen und garantieren dabei Genauigkeit, Zuverl\u00e4ssigkeit und effiziente Kommunikation.<\/p>\t\t\t\t\t\t\t\t<\/div>\n\t\t\t\t<div class=\"elementor-element elementor-element-09f91c2 elementor-widget elementor-widget-button\" data-id=\"09f91c2\" data-element_type=\"widget\" data-widget_type=\"button.default\">\n\t\t\t\t\t\t\t\t\t\t<a class=\"elementor-button elementor-button-link elementor-size-sm elementor-animation-float\" href=\"https:\/\/desku.listingprofis.site\/de\/kontakti\/\">\n\t\t\t\t\t\t<span class=\"elementor-button-content-wrapper\">\n\t\t\t\t\t\t\t\t\t<span class=\"elementor-button-text\">Kontaktieren Sie uns<\/span>\n\t\t\t\t\t<\/span>\n\t\t\t\t\t<\/a>\n\t\t\t\t\t\t\t\t<\/div>\n\t\t\t\t<\/div>\n\t\t<div class=\"elementor-element elementor-element-dc24e4b e-con-full elementor-hidden-mobile e-flex e-con e-child\" data-id=\"dc24e4b\" data-element_type=\"container\">\n\t\t\t\t<\/div>\n\t\t\t\t\t<\/div>\n\t\t\t\t<\/div>\n\t\t<div class=\"elementor-element elementor-element-2d38ad0 e-flex e-con-boxed e-con e-parent\" data-id=\"2d38ad0\" data-element_type=\"container\">\n\t\t\t\t\t<div class=\"e-con-inner\">\n\t\t<div class=\"elementor-element elementor-element-ff32afd e-con-full e-flex e-con e-child\" data-id=\"ff32afd\" data-element_type=\"container\">\n\t\t\t\t<div class=\"elementor-element elementor-element-595a590 elementor-widget elementor-widget-heading\" data-id=\"595a590\" data-element_type=\"widget\" data-widget_type=\"heading.default\">\n\t\t\t\t\t<h2 class=\"elementor-heading-title elementor-size-default\">Unsere Dienstleistungen \u2013 Professionelle \u00dcbersetzungen Deutsch \u21d4 Albanisch<\/h2>\t\t\t\t<\/div>\n\t\t\t\t<\/div>\n\t\t<div class=\"elementor-element elementor-element-8938ae8 e-grid e-con-full e-con e-child\" data-id=\"8938ae8\" data-element_type=\"container\">\n\t\t<div class=\"elementor-element elementor-element-7a3ecc6 e-con-full e-flex elementor-invisible e-con e-child\" data-id=\"7a3ecc6\" data-element_type=\"container\" data-settings=\"{&quot;animation&quot;:&quot;fadeInLeft&quot;}\">\n\t\t\t\t<div class=\"elementor-element elementor-element-282deec elementor-widget elementor-widget-image\" data-id=\"282deec\" data-element_type=\"widget\" data-widget_type=\"image.default\">\n\t\t\t\t\t\t\t\t\t\t\t\t\t\t\t<img fetchpriority=\"high\" decoding=\"async\" width=\"800\" height=\"534\" src=\"https:\/\/desku.listingprofis.site\/wp-content\/uploads\/2025\/12\/91-1024x683.jpg\" class=\"attachment-large size-large wp-image-62\" alt=\"\" srcset=\"https:\/\/desku.listingprofis.site\/wp-content\/uploads\/2025\/12\/91-1024x683.jpg 1024w, https:\/\/desku.listingprofis.site\/wp-content\/uploads\/2025\/12\/91-300x200.jpg 300w, https:\/\/desku.listingprofis.site\/wp-content\/uploads\/2025\/12\/91-768x512.jpg 768w, https:\/\/desku.listingprofis.site\/wp-content\/uploads\/2025\/12\/91.jpg 1500w\" sizes=\"(max-width: 800px) 100vw, 800px\" \/>\t\t\t\t\t\t\t\t\t\t\t\t\t\t\t<\/div>\n\t\t\t\t<div class=\"elementor-element elementor-element-da94179 elementor-widget elementor-widget-heading\" data-id=\"da94179\" data-element_type=\"widget\" data-widget_type=\"heading.default\">\n\t\t\t\t\t<h3 class=\"elementor-heading-title elementor-size-default\">Beglaubigte \u00dcbersetzungen<\/h3>\t\t\t\t<\/div>\n\t\t\t\t<div class=\"elementor-element elementor-element-31f0d43 elementor-widget elementor-widget-text-editor\" data-id=\"31f0d43\" data-element_type=\"widget\" data-widget_type=\"text-editor.default\">\n\t\t\t\t\t\t\t\t\t<p>Offizielle \u00dcbersetzungen, die von Gerichten, Notaren, Botschaften und staatlichen Institutionen anerkannt werden. Genauigkeit und professionelle Form in jedem Dokument.<\/p>\t\t\t\t\t\t\t\t<\/div>\n\t\t\t\t<\/div>\n\t\t<div class=\"elementor-element elementor-element-ee7eb16 e-con-full e-flex elementor-invisible e-con e-child\" data-id=\"ee7eb16\" data-element_type=\"container\" data-settings=\"{&quot;animation&quot;:&quot;fadeInRight&quot;}\">\n\t\t\t\t<div class=\"elementor-element elementor-element-133132c elementor-widget elementor-widget-image\" data-id=\"133132c\" data-element_type=\"widget\" data-widget_type=\"image.default\">\n\t\t\t\t\t\t\t\t\t\t\t\t\t\t\t<img decoding=\"async\" width=\"800\" height=\"534\" src=\"https:\/\/desku.listingprofis.site\/wp-content\/uploads\/2025\/12\/136431-1024x683.jpg\" class=\"attachment-large size-large wp-image-56\" alt=\"\" srcset=\"https:\/\/desku.listingprofis.site\/wp-content\/uploads\/2025\/12\/136431-1024x683.jpg 1024w, https:\/\/desku.listingprofis.site\/wp-content\/uploads\/2025\/12\/136431-300x200.jpg 300w, https:\/\/desku.listingprofis.site\/wp-content\/uploads\/2025\/12\/136431-768x512.jpg 768w, https:\/\/desku.listingprofis.site\/wp-content\/uploads\/2025\/12\/136431.jpg 1500w\" sizes=\"(max-width: 800px) 100vw, 800px\" \/>\t\t\t\t\t\t\t\t\t\t\t\t\t\t\t<\/div>\n\t\t\t\t<div class=\"elementor-element elementor-element-6845432 elementor-widget elementor-widget-heading\" data-id=\"6845432\" data-element_type=\"widget\" data-widget_type=\"heading.default\">\n\t\t\t\t\t<h3 class=\"elementor-heading-title elementor-size-default\">Simultan-, Konsekutiv- und Fl\u00fcsterdolmetschen<\/h3>\t\t\t\t<\/div>\n\t\t\t\t<div class=\"elementor-element elementor-element-56e0965 elementor-widget elementor-widget-text-editor\" data-id=\"56e0965\" data-element_type=\"widget\" data-widget_type=\"text-editor.default\">\n\t\t\t\t\t\t\t\t\t<p>Ob Echtzeit\u00fcbersetzung, \u00dcbersetzung nach jedem Satz oder leise \u00dcbersetzung gew\u00fcnscht ist, wir gew\u00e4hrleisten eine klare, pr\u00e4zise und einfache Kommunikation zwischen Albanisch und Deutsch.<\/p>\t\t\t\t\t\t\t\t<\/div>\n\t\t\t\t<\/div>\n\t\t<div class=\"elementor-element elementor-element-643f543 e-con-full e-flex elementor-invisible e-con e-child\" data-id=\"643f543\" data-element_type=\"container\" data-settings=\"{&quot;animation&quot;:&quot;fadeInLeft&quot;}\">\n\t\t\t\t<div class=\"elementor-element elementor-element-4d43775 elementor-widget elementor-widget-image\" data-id=\"4d43775\" data-element_type=\"widget\" data-widget_type=\"image.default\">\n\t\t\t\t\t\t\t\t\t\t\t\t\t\t\t<img decoding=\"async\" width=\"800\" height=\"534\" src=\"https:\/\/desku.listingprofis.site\/wp-content\/uploads\/2025\/12\/2148042641-1024x683.jpg\" class=\"attachment-large size-large wp-image-59\" alt=\"\" srcset=\"https:\/\/desku.listingprofis.site\/wp-content\/uploads\/2025\/12\/2148042641-1024x683.jpg 1024w, https:\/\/desku.listingprofis.site\/wp-content\/uploads\/2025\/12\/2148042641-300x200.jpg 300w, https:\/\/desku.listingprofis.site\/wp-content\/uploads\/2025\/12\/2148042641-768x512.jpg 768w, https:\/\/desku.listingprofis.site\/wp-content\/uploads\/2025\/12\/2148042641.jpg 1500w\" sizes=\"(max-width: 800px) 100vw, 800px\" \/>\t\t\t\t\t\t\t\t\t\t\t\t\t\t\t<\/div>\n\t\t\t\t<div class=\"elementor-element elementor-element-9781337 elementor-widget elementor-widget-heading\" data-id=\"9781337\" data-element_type=\"widget\" data-widget_type=\"heading.default\">\n\t\t\t\t\t<h3 class=\"elementor-heading-title elementor-size-default\">\u00dcbersetzungen f\u00fcr Gerichte, Notare und Beh\u00f6rden<\/h3>\t\t\t\t<\/div>\n\t\t\t\t<div class=\"elementor-element elementor-element-e23c3c7 elementor-widget elementor-widget-text-editor\" data-id=\"e23c3c7\" data-element_type=\"widget\" data-widget_type=\"text-editor.default\">\n\t\t\t\t\t\t\t\t\t<p data-start=\"259\" data-end=\"620\">Rechts\u00fcbersetzungen und offizielle Dokumente mit pr\u00e4ziser und normgerechter Terminologie f\u00fcr Gerichtsverfahren.<\/p>\t\t\t\t\t\t\t\t<\/div>\n\t\t\t\t<\/div>\n\t\t<div class=\"elementor-element elementor-element-5077195 e-con-full e-flex elementor-invisible e-con e-child\" data-id=\"5077195\" data-element_type=\"container\" data-settings=\"{&quot;animation&quot;:&quot;fadeInRight&quot;}\">\n\t\t\t\t<div class=\"elementor-element elementor-element-194f8fe elementor-widget elementor-widget-image\" data-id=\"194f8fe\" data-element_type=\"widget\" data-widget_type=\"image.default\">\n\t\t\t\t\t\t\t\t\t\t\t\t\t\t\t<img loading=\"lazy\" decoding=\"async\" width=\"800\" height=\"534\" src=\"https:\/\/desku.listingprofis.site\/wp-content\/uploads\/2025\/12\/20817355-1024x684.jpg\" class=\"attachment-large size-large wp-image-58\" alt=\"\" srcset=\"https:\/\/desku.listingprofis.site\/wp-content\/uploads\/2025\/12\/20817355-1024x684.jpg 1024w, https:\/\/desku.listingprofis.site\/wp-content\/uploads\/2025\/12\/20817355-300x200.jpg 300w, https:\/\/desku.listingprofis.site\/wp-content\/uploads\/2025\/12\/20817355-768x513.jpg 768w, https:\/\/desku.listingprofis.site\/wp-content\/uploads\/2025\/12\/20817355.jpg 1500w\" sizes=\"(max-width: 800px) 100vw, 800px\" \/>\t\t\t\t\t\t\t\t\t\t\t\t\t\t\t<\/div>\n\t\t\t\t<div class=\"elementor-element elementor-element-011a5e9 elementor-widget elementor-widget-heading\" data-id=\"011a5e9\" data-element_type=\"widget\" data-widget_type=\"heading.default\">\n\t\t\t\t\t<h3 class=\"elementor-heading-title elementor-size-default\">Dokumenten-, Gesch\u00e4fts- und Webtext\u00fcbersetzungen<\/h3>\t\t\t\t<\/div>\n\t\t\t\t<div class=\"elementor-element elementor-element-450fd2b elementor-widget elementor-widget-text-editor\" data-id=\"450fd2b\" data-element_type=\"widget\" data-widget_type=\"text-editor.default\">\n\t\t\t\t\t\t\t\t\t<p data-start=\"259\" data-end=\"620\">Wir bieten pr\u00e4zise und zuverl\u00e4ssige \u00dcbersetzungen f\u00fcr juristische, private, institutionelle und gesch\u00e4ftliche Dokumente. Jeder Text wird sorgf\u00e4ltig und professionell \u00fcbersetzt, sodass Korrektheit und offizielle Anerkennung gew\u00e4hrleistet sind.<\/p>\t\t\t\t\t\t\t\t<\/div>\n\t\t\t\t<\/div>\n\t\t\t\t<\/div>\n\t\t\t\t\t<\/div>\n\t\t\t\t<\/div>\n\t\t<div class=\"elementor-element elementor-element-bb7c486 e-flex e-con-boxed e-con e-parent\" data-id=\"bb7c486\" data-element_type=\"container\" data-settings=\"{&quot;background_background&quot;:&quot;classic&quot;}\">\n\t\t\t\t\t<div class=\"e-con-inner\">\n\t\t<div class=\"elementor-element elementor-element-529800e e-con-full e-flex elementor-invisible e-con e-child\" data-id=\"529800e\" data-element_type=\"container\" data-settings=\"{&quot;animation&quot;:&quot;fadeInUp&quot;}\">\n\t\t\t\t<div class=\"elementor-element elementor-element-157b90b elementor-widget elementor-widget-heading\" data-id=\"157b90b\" data-element_type=\"widget\" data-widget_type=\"heading.default\">\n\t\t\t\t\t<h2 class=\"elementor-heading-title elementor-size-default\">Sichern Sie sich noch heute Ihre professionelle \u00dcbersetzung oder Ihr Dolmetschangebot!<\/h2>\t\t\t\t<\/div>\n\t\t\t\t<div class=\"elementor-element elementor-element-7b7c11d elementor-widget elementor-widget-text-editor\" data-id=\"7b7c11d\" data-element_type=\"widget\" data-widget_type=\"text-editor.default\">\n\t\t\t\t\t\t\t\t\t<p>Kontaktieren Sie uns f\u00fcr ein schnelles und unverbindliches Angebot. Senden Sie uns Ihre Dokumente oder buchen Sie einen Dolmetschertermin und profitieren Sie von professionellem, pr\u00e4zisem und zuverl\u00e4ssigem Service.<\/p>\t\t\t\t\t\t\t\t<\/div>\n\t\t\t\t<div class=\"elementor-element elementor-element-6fa11c7 elementor-align-center elementor-widget elementor-widget-button\" data-id=\"6fa11c7\" data-element_type=\"widget\" data-widget_type=\"button.default\">\n\t\t\t\t\t\t\t\t\t\t<a class=\"elementor-button elementor-button-link elementor-size-sm elementor-animation-float\" href=\"https:\/\/desku.listingprofis.site\/de\/oferte-per-perkthim\/\">\n\t\t\t\t\t\t<span class=\"elementor-button-content-wrapper\">\n\t\t\t\t\t\t\t\t\t<span class=\"elementor-button-text\">Jetzt Angebot anfordern<\/span>\n\t\t\t\t\t<\/span>\n\t\t\t\t\t<\/a>\n\t\t\t\t\t\t\t\t<\/div>\n\t\t\t\t<\/div>\n\t\t\t\t\t<\/div>\n\t\t\t\t<\/div>\n\t\t<div class=\"elementor-element elementor-element-ffce258 e-flex e-con-boxed e-con e-parent\" data-id=\"ffce258\" data-element_type=\"container\">\n\t\t\t\t\t<div class=\"e-con-inner\">\n\t\t<div class=\"elementor-element elementor-element-3a367fc e-con-full e-flex e-con e-child\" data-id=\"3a367fc\" data-element_type=\"container\">\n\t\t\t\t<div class=\"elementor-element elementor-element-6ac5d6f elementor-widget elementor-widget-heading\" data-id=\"6ac5d6f\" data-element_type=\"widget\" data-widget_type=\"heading.default\">\n\t\t\t\t\t<h2 class=\"elementor-heading-title elementor-size-default\">Kontakt<\/h2>\t\t\t\t<\/div>\n\t\t\t\t<div class=\"elementor-element elementor-element-9aa70d6 elementor-widget elementor-widget-text-editor\" data-id=\"9aa70d6\" data-element_type=\"widget\" data-widget_type=\"text-editor.default\">\n\t\t\t\t\t\t\t\t\t<p>Kontaktieren Sie uns f\u00fcr \u00dcbersetzungen und Dolmetschleistungen aller Art. Senden Sie uns Ihre Dokumente f\u00fcr ein unverbindliches Angebot oder buchen Sie einen Dolmetschtermin. Wir garantieren schnelle Bearbeitung und professionellen Service.<\/p>\t\t\t\t\t\t\t\t<\/div>\n\t\t\t\t<\/div>\n\t\t<div class=\"elementor-element elementor-element-2c36e3f e-grid e-con-full e-con e-child\" data-id=\"2c36e3f\" data-element_type=\"container\">\n\t\t<div class=\"elementor-element elementor-element-6f44052 e-con-full e-flex elementor-invisible e-con e-child\" data-id=\"6f44052\" data-element_type=\"container\" data-settings=\"{&quot;animation&quot;:&quot;fadeInLeft&quot;}\">\n\t\t\t\t<div class=\"elementor-element elementor-element-bab5847 elementor-view-default elementor-position-top elementor-mobile-position-top elementor-widget elementor-widget-icon-box\" data-id=\"bab5847\" data-element_type=\"widget\" data-widget_type=\"icon-box.default\">\n\t\t\t\t\t\t\t<div class=\"elementor-icon-box-wrapper\">\n\n\t\t\t\t\t\t<div class=\"elementor-icon-box-icon\">\n\t\t\t\t<span  class=\"elementor-icon elementor-animation-float\">\n\t\t\t\t<svg aria-hidden=\"true\" class=\"e-font-icon-svg e-fas-map-marked-alt\" viewbox=\"0 0 576 512\" xmlns=\"http:\/\/www.w3.org\/2000\/svg\"><path d=\"M288 0c-69.59 0-126 56.41-126 126 0 56.26 82.35 158.8 113.9 196.02 6.39 7.54 17.82 7.54 24.2 0C331.65 284.8 414 182.26 414 126 414 56.41 357.59 0 288 0zm0 168c-23.2 0-42-18.8-42-42s18.8-42 42-42 42 18.8 42 42-18.8 42-42 42zM20.12 215.95A32.006 32.006 0 0 0 0 245.66v250.32c0 11.32 11.43 19.06 21.94 14.86L160 448V214.92c-8.84-15.98-16.07-31.54-21.25-46.42L20.12 215.95zM288 359.67c-14.07 0-27.38-6.18-36.51-16.96-19.66-23.2-40.57-49.62-59.49-76.72v182l192 64V266c-18.92 27.09-39.82 53.52-59.49 76.72-9.13 10.77-22.44 16.95-36.51 16.95zm266.06-198.51L416 224v288l139.88-55.95A31.996 31.996 0 0 0 576 426.34V176.02c0-11.32-11.43-19.06-21.94-14.86z\"><\/path><\/svg>\t\t\t\t<\/span>\n\t\t\t<\/div>\n\t\t\t\n\t\t\t\t\t\t<div class=\"elementor-icon-box-content\">\n\n\t\t\t\t\t\t\t\t\t<h4 class=\"elementor-icon-box-title\">\n\t\t\t\t\t\t<span  >\n\t\t\t\t\t\t\tAdresse\t\t\t\t\t\t<\/span>\n\t\t\t\t\t<\/h4>\n\t\t\t\t\n\t\t\t\t\t\t\t\t\t<p class=\"elementor-icon-box-description\">\n\t\t\t\t\t\tSt. Alban-Ring 248,\n4052 Basel\t\t\t\t\t<\/p>\n\t\t\t\t\n\t\t\t<\/div>\n\t\t\t\n\t\t<\/div>\n\t\t\t\t\t\t<\/div>\n\t\t\t\t<\/div>\n\t\t<div class=\"elementor-element elementor-element-0431cbd e-con-full e-flex elementor-invisible e-con e-child\" data-id=\"0431cbd\" data-element_type=\"container\" data-settings=\"{&quot;animation&quot;:&quot;fadeInUp&quot;}\">\n\t\t\t\t<div class=\"elementor-element elementor-element-5fb3d31 elementor-view-default elementor-position-top elementor-mobile-position-top elementor-widget elementor-widget-icon-box\" data-id=\"5fb3d31\" data-element_type=\"widget\" data-widget_type=\"icon-box.default\">\n\t\t\t\t\t\t\t<div class=\"elementor-icon-box-wrapper\">\n\n\t\t\t\t\t\t<div class=\"elementor-icon-box-icon\">\n\t\t\t\t<a href=\"tel:+41762214530\" class=\"elementor-icon elementor-animation-float\" tabindex=\"-1\" aria-label=\"Telefon\">\n\t\t\t\t<svg aria-hidden=\"true\" class=\"e-font-icon-svg e-fas-phone-square\" viewbox=\"0 0 448 512\" xmlns=\"http:\/\/www.w3.org\/2000\/svg\"><path d=\"M400 32H48C21.49 32 0 53.49 0 80v352c0 26.51 21.49 48 48 48h352c26.51 0 48-21.49 48-48V80c0-26.51-21.49-48-48-48zM94 416c-7.033 0-13.057-4.873-14.616-11.627l-14.998-65a15 15 0 0 1 8.707-17.16l69.998-29.999a15 15 0 0 1 17.518 4.289l30.997 37.885c48.944-22.963 88.297-62.858 110.781-110.78l-37.886-30.997a15.001 15.001 0 0 1-4.289-17.518l30-69.998a15 15 0 0 1 17.16-8.707l65 14.998A14.997 14.997 0 0 1 384 126c0 160.292-129.945 290-290 290z\"><\/path><\/svg>\t\t\t\t<\/a>\n\t\t\t<\/div>\n\t\t\t\n\t\t\t\t\t\t<div class=\"elementor-icon-box-content\">\n\n\t\t\t\t\t\t\t\t\t<h4 class=\"elementor-icon-box-title\">\n\t\t\t\t\t\t<a href=\"tel:+41762214530\" >\n\t\t\t\t\t\t\tTelefon\t\t\t\t\t\t<\/a>\n\t\t\t\t\t<\/h4>\n\t\t\t\t\n\t\t\t\t\t\t\t\t\t<p class=\"elementor-icon-box-description\">\n\t\t\t\t\t\t+41 76 221 45 30\t\t\t\t\t<\/p>\n\t\t\t\t\n\t\t\t<\/div>\n\t\t\t\n\t\t<\/div>\n\t\t\t\t\t\t<\/div>\n\t\t\t\t<\/div>\n\t\t<div class=\"elementor-element elementor-element-b8bbced e-con-full e-flex elementor-invisible e-con e-child\" data-id=\"b8bbced\" data-element_type=\"container\" data-settings=\"{&quot;animation&quot;:&quot;fadeInRight&quot;}\">\n\t\t\t\t<div class=\"elementor-element elementor-element-e0e7c7d elementor-view-default elementor-position-top elementor-mobile-position-top elementor-widget elementor-widget-icon-box\" data-id=\"e0e7c7d\" data-element_type=\"widget\" data-widget_type=\"icon-box.default\">\n\t\t\t\t\t\t\t<div class=\"elementor-icon-box-wrapper\">\n\n\t\t\t\t\t\t<div class=\"elementor-icon-box-icon\">\n\t\t\t\t<a href=\"mailto:post@desku.de\" class=\"elementor-icon elementor-animation-float\" tabindex=\"-1\" aria-label=\"E-Mail\">\n\t\t\t\t<svg aria-hidden=\"true\" class=\"e-font-icon-svg e-fas-envelope\" viewbox=\"0 0 512 512\" xmlns=\"http:\/\/www.w3.org\/2000\/svg\"><path d=\"M502.3 190.8c3.9-3.1 9.7-.2 9.7 4.7V400c0 26.5-21.5 48-48 48H48c-26.5 0-48-21.5-48-48V195.6c0-5 5.7-7.8 9.7-4.7 22.4 17.4 52.1 39.5 154.1 113.6 21.1 15.4 56.7 47.8 92.2 47.6 35.7.3 72-32.8 92.3-47.6 102-74.1 131.6-96.3 154-113.7zM256 320c23.2.4 56.6-29.2 73.4-41.4 132.7-96.3 142.8-104.7 173.4-128.7 5.8-4.5 9.2-11.5 9.2-18.9v-19c0-26.5-21.5-48-48-48H48C21.5 64 0 85.5 0 112v19c0 7.4 3.4 14.3 9.2 18.9 30.6 23.9 40.7 32.4 173.4 128.7 16.8 12.2 50.2 41.8 73.4 41.4z\"><\/path><\/svg>\t\t\t\t<\/a>\n\t\t\t<\/div>\n\t\t\t\n\t\t\t\t\t\t<div class=\"elementor-icon-box-content\">\n\n\t\t\t\t\t\t\t\t\t<h4 class=\"elementor-icon-box-title\">\n\t\t\t\t\t\t<a href=\"mailto:post@desku.de\" >\n\t\t\t\t\t\t\tE-Mail\t\t\t\t\t\t<\/a>\n\t\t\t\t\t<\/h4>\n\t\t\t\t\n\t\t\t\t\t\t\t\t\t<p class=\"elementor-icon-box-description\">\n\t\t\t\t\t\tpost@desku.de\t\t\t\t\t<\/p>\n\t\t\t\t\n\t\t\t<\/div>\n\t\t\t\n\t\t<\/div>\n\t\t\t\t\t\t<\/div>\n\t\t\t\t<\/div>\n\t\t\t\t<\/div>\n\t\t\t\t\t<\/div>\n\t\t\t\t<\/div>\n\t\t\t\t<\/div>","protected":false},"excerpt":{"rendered":"<p>Mir\u00ebsevini n\u00eb Desku \u00dcbersetzungen P\u00ebrkthyes dhe Interpret Zyrtar Gjermanisht \u21d4 Shqip Mir\u00ebsevini n\u00eb Desku P\u00ebrkthime \u2013 partneri juaj i besuesh\u00ebm p\u00ebr p\u00ebrkthime t\u00eb sakta, t\u00eb certifikuara dhe interpretim profesional n\u00eb gjuh\u00ebt gjermanisht dhe shqip.Ne ofrojm\u00eb sh\u00ebrbime t\u00eb nivelit t\u00eb lart\u00eb p\u00ebr individ\u00eb, kompani dhe institucione shtet\u00ebrore, duke garantuar korrekt\u00ebsi, besueshm\u00ebri dhe komunikim efikas. Na Kontaktoni [&hellip;]<\/p>","protected":false},"author":1,"featured_media":0,"parent":0,"menu_order":0,"comment_status":"closed","ping_status":"closed","template":"","meta":{"footnotes":""},"class_list":["post-8","page","type-page","status-publish","hentry"],"_links":{"self":[{"href":"https:\/\/desku.listingprofis.site\/de\/wp-json\/wp\/v2\/pages\/8","targetHints":{"allow":["GET"]}}],"collection":[{"href":"https:\/\/desku.listingprofis.site\/de\/wp-json\/wp\/v2\/pages"}],"about":[{"href":"https:\/\/desku.listingprofis.site\/de\/wp-json\/wp\/v2\/types\/page"}],"author":[{"embeddable":true,"href":"https:\/\/desku.listingprofis.site\/de\/wp-json\/wp\/v2\/users\/1"}],"replies":[{"embeddable":true,"href":"https:\/\/desku.listingprofis.site\/de\/wp-json\/wp\/v2\/comments?post=8"}],"version-history":[{"count":31,"href":"https:\/\/desku.listingprofis.site\/de\/wp-json\/wp\/v2\/pages\/8\/revisions"}],"predecessor-version":[{"id":170,"href":"https:\/\/desku.listingprofis.site\/de\/wp-json\/wp\/v2\/pages\/8\/revisions\/170"}],"wp:attachment":[{"href":"https:\/\/desku.listingprofis.site\/de\/wp-json\/wp\/v2\/media?parent=8"}],"curies":[{"name":"wp","href":"https:\/\/api.w.org\/{rel}","templated":true}]}}